{"id":1453,"date":"2020-12-30T11:12:41","date_gmt":"2020-12-30T11:12:41","guid":{"rendered":"https:\/\/mltreening.ee\/?page_id=1453"},"modified":"2025-02-26T05:31:38","modified_gmt":"2025-02-26T05:31:38","slug":"contact","status":"publish","type":"page","link":"https:\/\/mltreening.ee\/en\/contact\/","title":{"rendered":"V\u00d5TA MEIEGA \u00dcHENDUST"},"content":{"rendered":"<div data-elementor-type=\"wp-page\" data-elementor-id=\"1453\" class=\"elementor elementor-1453\">\n\t\t\t\t\t\t<section class=\"elementor-section elementor-top-section elementor-element elementor-element-ae7b297 elementor-section-boxed elementor-section-height-default elementor-section-height-default sc_fly_static\" data-id=\"ae7b297\" data-element_type=\"section\" data-e-type=\"section\">\n\t\t\t\t\t\t<div class=\"elementor-container elementor-column-gap-extended\">\n\t\t\t\t\t<div class=\"elementor-column elementor-col-100 elementor-top-column elementor-element elementor-element-dc87915 sc_inner_width_none sc_content_align_inherit sc_layouts_column_icons_position_left sc_fly_static\" data-id=\"dc87915\" data-element_type=\"column\" data-e-type=\"column\">\n\t\t\t<div class=\"elementor-widget-wrap elementor-element-populated\">\n\t\t\t\t\t\t<div class=\"elementor-element elementor-element-a74bf7c sc_fly_static elementor-widget elementor-widget-text-editor\" data-id=\"a74bf7c\" data-element_type=\"widget\" data-e-type=\"widget\" data-widget_type=\"text-editor.default\">\n\t\t\t\t<div class=\"elementor-widget-container\">\n\t\t\t\t\t\t\t\t\t<h6><strong>Follow Us On Social Media<\/strong><\/h6><p>Stay connected with us for the latest updates and insights!<\/p><ul><li>Instagram: <a href=\"https:\/\/www.instagram.com\/mltreening\" target=\"_new\" rel=\"noopener\">@mltreening<\/a><\/li><li><span style=\"font-size: 17px; background-color: var(--theme-color-bg_color); color: var(--theme-color-text);\">Facebook: <\/span><a style=\"font-size: 17px;\" href=\"https:\/\/www.facebook.com\/profile.php?id=61556900259629\">ML Treening<\/a><span style=\"font-size: 17px; background-color: var(--theme-color-bg_color); color: var(--theme-color-text);\">\u00a0<\/span><\/li><\/ul>\t\t\t\t\t\t\t\t<\/div>\n\t\t\t\t<\/div>\n\t\t\t\t\t<\/div>\n\t\t<\/div>\n\t\t\t\t\t<\/div>\n\t\t<\/section>\n\t\t\t\t<section class=\"elementor-section elementor-top-section elementor-element elementor-element-3590ff2d elementor-section-stretched elementor-section-boxed elementor-section-height-default elementor-section-height-default sc_fly_static\" data-id=\"3590ff2d\" data-element_type=\"section\" data-e-type=\"section\" data-settings=\"{&quot;stretch_section&quot;:&quot;section-stretched&quot;,&quot;background_background&quot;:&quot;classic&quot;}\">\n\t\t\t\t\t\t<div class=\"elementor-container elementor-column-gap-extended\">\n\t\t\t\t\t<div class=\"elementor-column elementor-col-100 elementor-top-column elementor-element elementor-element-688fda5d sc_inner_width_none sc_content_align_inherit sc_layouts_column_icons_position_left sc_fly_static\" data-id=\"688fda5d\" data-element_type=\"column\" data-e-type=\"column\">\n\t\t\t<div class=\"elementor-widget-wrap elementor-element-populated\">\n\t\t\t\t\t\t<div class=\"elementor-element elementor-element-daf0219 sc_height_huge sc_fly_static elementor-widget elementor-widget-spacer\" data-id=\"daf0219\" data-element_type=\"widget\" data-e-type=\"widget\" data-widget_type=\"spacer.default\">\n\t\t\t\t<div class=\"elementor-widget-container\">\n\t\t\t\t\t\t\t<div class=\"elementor-spacer\">\n\t\t\t<div class=\"elementor-spacer-inner\"><\/div>\n\t\t<\/div>\n\t\t\t\t\t\t<\/div>\n\t\t\t\t<\/div>\n\t\t\t\t<section class=\"elementor-section elementor-inner-section elementor-element elementor-element-2d09c230 elementor-section-boxed elementor-section-height-default elementor-section-height-default sc_fly_static\" data-id=\"2d09c230\" data-element_type=\"section\" data-e-type=\"section\">\n\t\t\t\t\t\t<div class=\"elementor-container elementor-column-gap-no\">\n\t\t\t\t\t<div class=\"elementor-column elementor-col-100 elementor-inner-column elementor-element elementor-element-5be1cfd3 sc_inner_width_none sc_content_align_inherit sc_layouts_column_icons_position_left sc_fly_static\" data-id=\"5be1cfd3\" data-element_type=\"column\" data-e-type=\"column\">\n\t\t\t<div class=\"elementor-widget-wrap elementor-element-populated\">\n\t\t\t\t\t\t<div class=\"elementor-element elementor-element-3e50b3a4 sc_fly_static elementor-widget elementor-widget-trx_sc_icons\" data-id=\"3e50b3a4\" data-element_type=\"widget\" data-e-type=\"widget\" data-widget_type=\"trx_sc_icons.default\">\n\t\t\t\t<div class=\"elementor-widget-container\">\n\t\t\t\t\t<div \tclass=\"sc_icons sc_icons_plain sc_icons_size_small sc_align_center\" ><div class=\"sc_icons_columns_wrap sc_item_columns trx_addons_columns_wrap columns_padding_bottom columns_in_single_row\" ><div class=\"trx_addons_column-1_3\"><div class=\"sc_icons_item\"><div class=\"sc_icons_icon sc_icon_type_ icon-wall-clock\" ><span class=\"sc_icon_type_ icon-wall-clock\"><\/span><\/div><div class=\"sc_icons_item_details\"><h4 class=\"sc_icons_item_title\"><span>Open Hours<\/span><\/h4><div class=\"sc_icons_item_description\"><span>We are open 24 hours a day<\/span><span>7 days a week<\/span><\/div><\/div><\/div><\/div><div class=\"trx_addons_column-1_3\"><div class=\"sc_icons_item sc_icons_item_linked with_more\"><div class=\"sc_icons_icon sc_icon_type_ icon-location-1\" ><span class=\"sc_icon_type_ icon-location-1\"><\/span><\/div><div class=\"sc_icons_item_details\"><h4 class=\"sc_icons_item_title\"><a href=\"#form\">\r\n                                    Address                                    <\/a><\/h4><div class=\"sc_icons_item_description\"><span>Sauna 6, Rapla, Estonia, 79515<\/span><\/div><a href=\"#form\" class=\"sc_icons_item_more_link\">\r\n                        <span class=\"link_text\">Check Location<\/span><span class=\"link_icon\"><\/span>\r\n                        <\/a><a href=\"#form\"\r\n                        class=\"sc_icons_item_link\">\r\n                        <\/a><\/div><\/div><\/div><div class=\"trx_addons_column-1_3\"><div class=\"sc_icons_item sc_icons_item_linked with_more\"><div class=\"sc_icons_icon sc_icon_type_ icon-support-style\" ><span class=\"sc_icon_type_ icon-support-style\"><\/span><\/div><div class=\"sc_icons_item_details\"><h4 class=\"sc_icons_item_title\"><a href=\"#form\">\r\n                                    Get In Touch                                    <\/a><\/h4><div class=\"sc_icons_item_description\"><span>Phone: <a href=\"tel:18001234566\">+372 55623856<\/a><\/span><span>Email: <a href=\"mailto:info@mltreening.ee\">info@mltreening.ee<\/a><\/span><\/div><a href=\"#form\" class=\"sc_icons_item_more_link\">\r\n                        <span class=\"link_text\">Contact Form<\/span><span class=\"link_icon\"><\/span>\r\n                        <\/a><a href=\"#form\"\r\n                        class=\"sc_icons_item_link\">\r\n                        <\/a><\/div><\/div><\/div><\/div><\/div><!-- \/.sc_icons -->\t\t\t\t<\/div>\n\t\t\t\t<\/div>\n\t\t\t\t\t<\/div>\n\t\t<\/div>\n\t\t\t\t\t<\/div>\n\t\t<\/section>\n\t\t\t\t<div class=\"elementor-element elementor-element-3b039a4b sc_height_huge sc_fly_static elementor-widget elementor-widget-spacer\" data-id=\"3b039a4b\" data-element_type=\"widget\" data-e-type=\"widget\" data-widget_type=\"spacer.default\">\n\t\t\t\t<div class=\"elementor-widget-container\">\n\t\t\t\t\t\t\t<div class=\"elementor-spacer\">\n\t\t\t<div class=\"elementor-spacer-inner\"><\/div>\n\t\t<\/div>\n\t\t\t\t\t\t<\/div>\n\t\t\t\t<\/div>\n\t\t\t\t\t<\/div>\n\t\t<\/div>\n\t\t\t\t\t<\/div>\n\t\t<\/section>\n\t\t\t\t<section class=\"elementor-section elementor-top-section elementor-element elementor-element-7a50ed3e elementor-section-stretched elementor-section-full_width elementor-section-content-middle scheme_light elementor-section-height-default elementor-section-height-default sc_fly_static\" data-id=\"7a50ed3e\" data-element_type=\"section\" data-e-type=\"section\" data-settings=\"{&quot;stretch_section&quot;:&quot;section-stretched&quot;,&quot;background_background&quot;:&quot;classic&quot;}\">\n\t\t\t\t\t\t<div class=\"elementor-container elementor-column-gap-no\">\n\t\t\t\t\t<div class=\"elementor-column elementor-col-50 elementor-top-column elementor-element elementor-element-49b183f4 sc_inner_width_none sc_content_align_inherit sc_layouts_column_icons_position_left sc_fly_static\" data-id=\"49b183f4\" data-element_type=\"column\" data-e-type=\"column\">\n\t\t\t<div class=\"elementor-widget-wrap elementor-element-populated\">\n\t\t\t\t\t\t<div class=\"elementor-element elementor-element-fbdc28a sc_fly_static elementor-widget elementor-widget-trx_sc_anchor\" data-id=\"fbdc28a\" data-element_type=\"widget\" data-e-type=\"widget\" data-widget_type=\"trx_sc_anchor.default\">\n\t\t\t\t<div class=\"elementor-widget-container\">\n\t\t\t\t\t<a id=\"sc_anchor_form\"\ttitle=\"\"  class=\"sc_anchor sc_anchor_default\" data-vc-icon=\"\" data-url=\"\" ><\/a>\t\t\t\t<\/div>\n\t\t\t\t<\/div>\n\t\t\t\t<div class=\"elementor-element elementor-element-22ca02bf sc_fly_static elementor-widget elementor-widget-trx_sc_googlemap\" data-id=\"22ca02bf\" data-element_type=\"widget\" data-e-type=\"widget\" data-widget_type=\"trx_sc_googlemap.default\">\n\t\t\t\t<div class=\"elementor-widget-container\">\n\t\t\t\t\t<div id=\"sc_googlemap_737349629_wrap\" class=\"sc_googlemap_wrap\"><div id=\"sc_googlemap_737349629\"\t\t\tclass=\"sc_item_content sc_map sc_googlemap sc_googlemap_default trx_addons_inline_131444038\"\n\t\t\t \t\t\tdata-zoom=\"16\"\n\t\t\tdata-center=\"\"\n\t\t\tdata-style=\"extra\"\n\t\t\tdata-cluster-icon=\"\"\n\t\t\t><iframe\n\t\t\t\t\t\tsrc=\"https:\/\/maps.google.com\/maps?t=m&output=embed&iwloc=near&z=16&q=59.00777893649688%2C+24.788797812187426\"\n\t\t\t\t\t\taria-label=\"\"><\/iframe><\/div><\/div>\t\t\t\t<\/div>\n\t\t\t\t<\/div>\n\t\t\t\t\t<\/div>\n\t\t<\/div>\n\t\t\t\t<div class=\"elementor-column elementor-col-50 elementor-top-column elementor-element elementor-element-7bdb89b sc_inner_width_none sc_content_align_inherit sc_layouts_column_icons_position_left sc_fly_static\" data-id=\"7bdb89b\" data-element_type=\"column\" data-e-type=\"column\">\n\t\t\t<div class=\"elementor-widget-wrap elementor-element-populated\">\n\t\t\t\t\t\t<div class=\"elementor-element elementor-element-4e7e34bc sc_height_small sc_layouts_hide_on_tablet sc_layouts_hide_on_mobile sc_fly_static elementor-widget elementor-widget-spacer\" data-id=\"4e7e34bc\" data-element_type=\"widget\" data-e-type=\"widget\" data-widget_type=\"spacer.default\">\n\t\t\t\t<div class=\"elementor-widget-container\">\n\t\t\t\t\t\t\t<div class=\"elementor-spacer\">\n\t\t\t<div class=\"elementor-spacer-inner\"><\/div>\n\t\t<\/div>\n\t\t\t\t\t\t<\/div>\n\t\t\t\t<\/div>\n\t\t\t\t<div class=\"elementor-element elementor-element-aaf9a55 sc_height_huge sc_layouts_hide_on_wide sc_layouts_hide_on_desktop sc_layouts_hide_on_notebook sc_fly_static elementor-widget elementor-widget-spacer\" data-id=\"aaf9a55\" data-element_type=\"widget\" data-e-type=\"widget\" data-widget_type=\"spacer.default\">\n\t\t\t\t<div class=\"elementor-widget-container\">\n\t\t\t\t\t\t\t<div class=\"elementor-spacer\">\n\t\t\t<div class=\"elementor-spacer-inner\"><\/div>\n\t\t<\/div>\n\t\t\t\t\t\t<\/div>\n\t\t\t\t<\/div>\n\t\t\t\t<div class=\"elementor-element elementor-element-41afb161 sc_fly_static elementor-widget elementor-widget-trx_sc_title\" data-id=\"41afb161\" data-element_type=\"widget\" data-e-type=\"widget\" data-widget_type=\"trx_sc_title.default\">\n\t\t\t\t<div class=\"elementor-widget-container\">\n\t\t\t\t\t<div\t\tclass=\"sc_title color_style_link2 sc_title_default\" ><span class=\"sc_item_subtitle sc_title_subtitle sc_item_subtitle_above sc_item_title_style_default\">Contact Us<\/span><h2 class=\"sc_item_title sc_title_title sc_item_title_style_default\"\n\t\t\t><span class=\"sc_item_title_text\">Have Questions? <br> Get in touch!<\/span><\/h2><\/div>\t\t\t\t<\/div>\n\t\t\t\t<\/div>\n\t\t\t\t<div class=\"elementor-element elementor-element-2e9a3072 sc_fly_static elementor-widget elementor-widget-spacer\" data-id=\"2e9a3072\" data-element_type=\"widget\" data-e-type=\"widget\" data-widget_type=\"spacer.default\">\n\t\t\t\t<div class=\"elementor-widget-container\">\n\t\t\t\t\t\t\t<div class=\"elementor-spacer\">\n\t\t\t<div class=\"elementor-spacer-inner\"><\/div>\n\t\t<\/div>\n\t\t\t\t\t\t<\/div>\n\t\t\t\t<\/div>\n\t\t\t\t<div class=\"elementor-element elementor-element-60a8279e sc_fly_static elementor-widget elementor-widget-trx_sc_contact_form_7\" data-id=\"60a8279e\" data-element_type=\"widget\" data-e-type=\"widget\" data-widget_type=\"trx_sc_contact_form_7.default\">\n\t\t\t\t<div class=\"elementor-widget-container\">\n\t\t\t\t\t\n<div class=\"wpcf7 no-js\" id=\"wpcf7-f18138-o1\" lang=\"en-US\" dir=\"ltr\" data-wpcf7-id=\"18138\">\n<div class=\"screen-reader-response\"><p role=\"status\" aria-live=\"polite\" aria-atomic=\"true\"><\/p> <ul><\/ul><\/div>\n<form action=\"\/en\/wp-json\/wp\/v2\/pages\/1453#wpcf7-f18138-o1\" method=\"post\" class=\"wpcf7-form init\" aria-label=\"Contact form\" novalidate=\"novalidate\" data-status=\"init\" data-trp-original-action=\"\/en\/wp-json\/wp\/v2\/pages\/1453#wpcf7-f18138-o1\">\n<fieldset class=\"hidden-fields-container\"><input type=\"hidden\" name=\"_wpcf7\" value=\"18138\" \/><input type=\"hidden\" name=\"_wpcf7_version\" value=\"6.1.5\" \/><input type=\"hidden\" name=\"_wpcf7_locale\" value=\"en_US\" \/><input type=\"hidden\" name=\"_wpcf7_unit_tag\" value=\"wpcf7-f18138-o1\" \/><input type=\"hidden\" name=\"_wpcf7_container_post\" value=\"0\" \/><input type=\"hidden\" name=\"_wpcf7_posted_data_hash\" value=\"\" \/><input type=\"hidden\" name=\"_wpcf7_recaptcha_response\" value=\"\" \/>\n<\/fieldset>\n<div class=\"form-style-2\">\n\t<div class=\"columns_wrap\">\n\t\t<div class=\"column-1_2\">\n\t\t\t<p><span class=\"style-line\"><span class=\"wpcf7-form-control-wrap\" data-name=\"your-name\"><input size=\"40\" maxlength=\"400\" class=\"wpcf7-form-control wpcf7-text wpcf7-validates-as-required\" aria-required=\"true\" aria-invalid=\"false\" placeholder=\"Name\" value=\"\" type=\"text\" name=\"your-name\" \/><\/span><\/span>\n\t\t\t<\/p>\n\t\t<\/div>\n\t\t<div class=\"column-1_2\">\n\t\t\t<p><span class=\"style-line\"><span class=\"wpcf7-form-control-wrap\" data-name=\"your-last-name\"><input size=\"40\" maxlength=\"400\" class=\"wpcf7-form-control wpcf7-text wpcf7-validates-as-required\" aria-required=\"true\" aria-invalid=\"false\" placeholder=\"Last Name\" value=\"\" type=\"text\" name=\"your-last-name\" \/><\/span><\/span>\n\t\t\t<\/p>\n\t\t<\/div>\n\t<\/div>\n\t<div class=\"columns_wrap\">\n\t\t<div class=\"column-1_2\">\n\t\t\t<p><span class=\"style-line\"><span class=\"wpcf7-form-control-wrap\" data-name=\"your-email\"><input size=\"40\" maxlength=\"400\" class=\"wpcf7-form-control wpcf7-email wpcf7-validates-as-required wpcf7-text wpcf7-validates-as-email\" aria-required=\"true\" aria-invalid=\"false\" placeholder=\"Email\" value=\"\" type=\"email\" name=\"your-email\" \/><\/span><\/span>\n\t\t\t<\/p>\n\t\t<\/div>\n\t\t<div class=\"column-1_2\">\n\t\t\t<p><span class=\"style-line\"><span class=\"wpcf7-form-control-wrap\" data-name=\"phone\"><input size=\"40\" maxlength=\"400\" class=\"wpcf7-form-control wpcf7-tel wpcf7-validates-as-required wpcf7-text wpcf7-validates-as-tel\" aria-required=\"true\" aria-invalid=\"false\" placeholder=\"Phone\" value=\"\" type=\"tel\" name=\"phone\" \/><\/span><\/span>\n\t\t\t<\/p>\n\t\t<\/div>\n\t<\/div>\n\t<div class=\"columns_wrap margin-bottom\">\n\t\t<div class=\"column-1_1\">\n\t\t\t<p><span class=\"style-line\"><span class=\"wpcf7-form-control-wrap\" data-name=\"your-message\"><textarea cols=\"40\" rows=\"10\" maxlength=\"2000\" class=\"wpcf7-form-control wpcf7-textarea wpcf7-validates-as-required\" aria-required=\"true\" aria-invalid=\"false\" placeholder=\"Message\" name=\"your-message\"><\/textarea><\/span><\/span>\n\t\t\t<\/p>\n\t\t<\/div>\n\t<\/div>\n<span class=\"wpcf7-form-control-wrap recaptcha\" data-name=\"recaptcha\"><span data-sitekey=\"6LcMnsYqAAAAADcwyuu5vQX7MouWfy9dIyz4Y-2A\" class=\"wpcf7-form-control wpcf7-recaptcha g-recaptcha\"><\/span>\r\n<noscript>\r\n\t<div class=\"grecaptcha-noscript\">\r\n\t\t<iframe src=\"https:\/\/www.google.com\/recaptcha\/api\/fallback?k=6LcMnsYqAAAAADcwyuu5vQX7MouWfy9dIyz4Y-2A\" frameborder=\"0\" scrolling=\"no\" width=\"310\" height=\"430\">\r\n\t\t<\/iframe>\r\n\t\t<textarea name=\"g-recaptcha-response\" rows=\"3\" cols=\"40\" placeholder=\"reCaptcha Response Here\">\r\n\t\t<\/textarea>\r\n\t<\/div>\r\n<\/noscript>\r\n<\/span>\n\t<p><input class=\"wpcf7-form-control wpcf7-submit has-spinner\" type=\"submit\" value=\"Get In Touch\" \/>\n\t<\/p>\n<\/div><div class=\"wpcf7-response-output\" aria-hidden=\"true\"><\/div>\n<input type=\"hidden\" name=\"trp-form-language\" value=\"en\"\/><\/form>\n<\/div>\n\t\t\t\t<\/div>\n\t\t\t\t<\/div>\n\t\t\t\t<div class=\"elementor-element elementor-element-7d44e6a7 sc_height_small sc_layouts_hide_on_tablet sc_layouts_hide_on_mobile sc_fly_static elementor-widget elementor-widget-spacer\" data-id=\"7d44e6a7\" data-element_type=\"widget\" data-e-type=\"widget\" data-widget_type=\"spacer.default\">\n\t\t\t\t<div class=\"elementor-widget-container\">\n\t\t\t\t\t\t\t<div class=\"elementor-spacer\">\n\t\t\t<div class=\"elementor-spacer-inner\"><\/div>\n\t\t<\/div>\n\t\t\t\t\t\t<\/div>\n\t\t\t\t<\/div>\n\t\t\t\t<div class=\"elementor-element elementor-element-52bbd2c8 sc_height_huge sc_layouts_hide_on_wide sc_layouts_hide_on_desktop sc_layouts_hide_on_notebook sc_fly_static elementor-widget elementor-widget-spacer\" data-id=\"52bbd2c8\" data-element_type=\"widget\" data-e-type=\"widget\" data-widget_type=\"spacer.default\">\n\t\t\t\t<div class=\"elementor-widget-container\">\n\t\t\t\t\t\t\t<div class=\"elementor-spacer\">\n\t\t\t<div class=\"elementor-spacer-inner\"><\/div>\n\t\t<\/div>\n\t\t\t\t\t\t<\/div>\n\t\t\t\t<\/div>\n\t\t\t\t\t<\/div>\n\t\t<\/div>\n\t\t\t\t\t<\/div>\n\t\t<\/section>\n\t\t\t\t<\/div>","protected":false},"excerpt":{"rendered":"<p>J\u00c4LGI MEIE SOTSIAALMEEDIA KANALEID Ole kursis uudiste ja muu infoga, mis puudutab meie spordiklubi! Instagram: @mltreening Facebook: ML Treening\u00a0 Lahtiolekuajad Oleme avatud 24 tundi p\u00e4evas7 p\u00e4eva n\u00e4dalas Aadress Sauna 6,&hellip;<\/p>","protected":false},"author":1,"featured_media":0,"parent":0,"menu_order":0,"comment_status":"closed","ping_status":"closed","template":"","meta":{"footnotes":""},"class_list":["post-1453","page","type-page","status-publish","hentry"],"yoast_head":"<!-- This site is optimized with the Yoast SEO plugin v27.5 - https:\/\/yoast.com\/product\/yoast-seo-wordpress\/ -->\n<title>V\u00d5TA MEIEGA \u00dcHENDUST - ML TREENING<\/title>\n<meta name=\"description\" content=\"Get in touch with us at ML Treening! Whether you have questions or need assistance, our team is here to help. Contact us today for more ...\" \/>\n<meta name=\"robots\" content=\"index, follow, max-snippet:-1, max-image-preview:large, max-video-preview:-1\" \/>\n<link rel=\"canonical\" href=\"https:\/\/mltreening.ee\/en\/contact\/\" \/>\n<meta property=\"og:locale\" content=\"en_US\" \/>\n<meta property=\"og:type\" content=\"article\" \/>\n<meta property=\"og:title\" content=\"V\u00d5TA MEIEGA \u00dcHENDUST - ML TREENING\" \/>\n<meta property=\"og:description\" content=\"Get in touch with us at ML Treening! Whether you have questions or need assistance, our team is here to help. Contact us today for more ...\" \/>\n<meta property=\"og:url\" content=\"https:\/\/mltreening.ee\/en\/contact\/\" \/>\n<meta property=\"og:site_name\" content=\"ML TREENING\" \/>\n<meta property=\"article:modified_time\" content=\"2025-02-26T05:31:38+00:00\" \/>\n<meta name=\"twitter:card\" content=\"summary_large_image\" \/>\n<meta name=\"twitter:label1\" content=\"Est. reading time\" \/>\n\t<meta name=\"twitter:data1\" content=\"1 minute\" \/>\n<script type=\"application\/ld+json\" class=\"yoast-schema-graph\">{\"@context\":\"https:\\\/\\\/schema.org\",\"@graph\":[{\"@type\":\"WebPage\",\"@id\":\"https:\\\/\\\/mltreening.ee\\\/contact\\\/\",\"url\":\"https:\\\/\\\/mltreening.ee\\\/contact\\\/\",\"name\":\"V\u00d5TA MEIEGA \u00dcHENDUST - ML TREENING\",\"isPartOf\":{\"@id\":\"https:\\\/\\\/mltreening.ee\\\/en\\\/#website\"},\"datePublished\":\"2020-12-30T11:12:41+00:00\",\"dateModified\":\"2025-02-26T05:31:38+00:00\",\"description\":\"Get in touch with us at ML Treening! Whether you have questions or need assistance, our team is here to help. Contact us today for more ...\",\"breadcrumb\":{\"@id\":\"https:\\\/\\\/mltreening.ee\\\/contact\\\/#breadcrumb\"},\"inLanguage\":\"en-US\",\"potentialAction\":[{\"@type\":\"ReadAction\",\"target\":[\"https:\\\/\\\/mltreening.ee\\\/contact\\\/\"]}]},{\"@type\":\"BreadcrumbList\",\"@id\":\"https:\\\/\\\/mltreening.ee\\\/contact\\\/#breadcrumb\",\"itemListElement\":[{\"@type\":\"ListItem\",\"position\":1,\"name\":\"Home\",\"item\":\"https:\\\/\\\/mltreening.ee\\\/\"},{\"@type\":\"ListItem\",\"position\":2,\"name\":\"V\u00d5TA MEIEGA \u00dcHENDUST\"}]},{\"@type\":\"WebSite\",\"@id\":\"https:\\\/\\\/mltreening.ee\\\/en\\\/#website\",\"url\":\"https:\\\/\\\/mltreening.ee\\\/en\\\/\",\"name\":\"ML TREENING\",\"description\":\"Spordiklubi\",\"publisher\":{\"@id\":\"https:\\\/\\\/mltreening.ee\\\/en\\\/#\\\/schema\\\/person\\\/6d4de19f169dee6aadc1716dd13a63b6\"},\"potentialAction\":[{\"@type\":\"SearchAction\",\"target\":{\"@type\":\"EntryPoint\",\"urlTemplate\":\"https:\\\/\\\/mltreening.ee\\\/en\\\/?s={search_term_string}\"},\"query-input\":{\"@type\":\"PropertyValueSpecification\",\"valueRequired\":true,\"valueName\":\"search_term_string\"}}],\"inLanguage\":\"en-US\"},{\"@type\":[\"Person\",\"Organization\"],\"@id\":\"https:\\\/\\\/mltreening.ee\\\/en\\\/#\\\/schema\\\/person\\\/6d4de19f169dee6aadc1716dd13a63b6\",\"name\":\"Martin.lapin16@gmail.com\",\"image\":{\"@type\":\"ImageObject\",\"inLanguage\":\"en-US\",\"@id\":\"https:\\\/\\\/mltreening.ee\\\/wp-content\\\/uploads\\\/2024\\\/08\\\/Black-Logo.png\",\"url\":\"https:\\\/\\\/mltreening.ee\\\/wp-content\\\/uploads\\\/2024\\\/08\\\/Black-Logo.png\",\"contentUrl\":\"https:\\\/\\\/mltreening.ee\\\/wp-content\\\/uploads\\\/2024\\\/08\\\/Black-Logo.png\",\"width\":187,\"height\":53,\"caption\":\"Martin.lapin16@gmail.com\"},\"logo\":{\"@id\":\"https:\\\/\\\/mltreening.ee\\\/wp-content\\\/uploads\\\/2024\\\/08\\\/Black-Logo.png\"},\"sameAs\":[\"http:\\\/\\\/mltreening.ee\"]}]}<\/script>\n<!-- \/ Yoast SEO plugin. -->","yoast_head_json":{"title":"V\u00d5TA MEIEGA \u00dcHENDUST - ML TREENING","description":"Get in touch with us at ML Treening! Whether you have questions or need assistance, our team is here to help. Contact us today for more ...","robots":{"index":"index","follow":"follow","max-snippet":"max-snippet:-1","max-image-preview":"max-image-preview:large","max-video-preview":"max-video-preview:-1"},"canonical":"https:\/\/mltreening.ee\/en\/contact\/","og_locale":"en_US","og_type":"article","og_title":"V\u00d5TA MEIEGA \u00dcHENDUST - ML TREENING","og_description":"Get in touch with us at ML Treening! Whether you have questions or need assistance, our team is here to help. Contact us today for more ...","og_url":"https:\/\/mltreening.ee\/en\/contact\/","og_site_name":"ML TREENING","article_modified_time":"2025-02-26T05:31:38+00:00","twitter_card":"summary_large_image","twitter_misc":{"Est. reading time":"1 minute"},"schema":{"@context":"https:\/\/schema.org","@graph":[{"@type":"WebPage","@id":"https:\/\/mltreening.ee\/contact\/","url":"https:\/\/mltreening.ee\/contact\/","name":"V\u00d5TA MEIEGA \u00dcHENDUST - ML TREENING","isPartOf":{"@id":"https:\/\/mltreening.ee\/en\/#website"},"datePublished":"2020-12-30T11:12:41+00:00","dateModified":"2025-02-26T05:31:38+00:00","description":"Get in touch with us at ML Treening! Whether you have questions or need assistance, our team is here to help. Contact us today for more ...","breadcrumb":{"@id":"https:\/\/mltreening.ee\/contact\/#breadcrumb"},"inLanguage":"en-US","potentialAction":[{"@type":"ReadAction","target":["https:\/\/mltreening.ee\/contact\/"]}]},{"@type":"BreadcrumbList","@id":"https:\/\/mltreening.ee\/contact\/#breadcrumb","itemListElement":[{"@type":"ListItem","position":1,"name":"Home","item":"https:\/\/mltreening.ee\/"},{"@type":"ListItem","position":2,"name":"V\u00d5TA MEIEGA \u00dcHENDUST"}]},{"@type":"WebSite","@id":"https:\/\/mltreening.ee\/en\/#website","url":"https:\/\/mltreening.ee\/en\/","name":"ML TREENING","description":"fitness club","publisher":{"@id":"https:\/\/mltreening.ee\/en\/#\/schema\/person\/6d4de19f169dee6aadc1716dd13a63b6"},"potentialAction":[{"@type":"SearchAction","target":{"@type":"EntryPoint","urlTemplate":"https:\/\/mltreening.ee\/en\/?s={search_term_string}"},"query-input":{"@type":"PropertyValueSpecification","valueRequired":true,"valueName":"search_term_string"}}],"inLanguage":"en-US"},{"@type":["Person","Organization"],"@id":"https:\/\/mltreening.ee\/en\/#\/schema\/person\/6d4de19f169dee6aadc1716dd13a63b6","name":"Martin.lapin16@gmail.com","image":{"@type":"ImageObject","inLanguage":"en-US","@id":"https:\/\/mltreening.ee\/wp-content\/uploads\/2024\/08\/Black-Logo.png","url":"https:\/\/mltreening.ee\/wp-content\/uploads\/2024\/08\/Black-Logo.png","contentUrl":"https:\/\/mltreening.ee\/wp-content\/uploads\/2024\/08\/Black-Logo.png","width":187,"height":53,"caption":"Martin.lapin16@gmail.com"},"logo":{"@id":"https:\/\/mltreening.ee\/wp-content\/uploads\/2024\/08\/Black-Logo.png"},"sameAs":["http:\/\/mltreening.ee"]}]}},"_links":{"self":[{"href":"https:\/\/mltreening.ee\/en\/wp-json\/wp\/v2\/pages\/1453","targetHints":{"allow":["GET"]}}],"collection":[{"href":"https:\/\/mltreening.ee\/en\/wp-json\/wp\/v2\/pages"}],"about":[{"href":"https:\/\/mltreening.ee\/en\/wp-json\/wp\/v2\/types\/page"}],"author":[{"embeddable":true,"href":"https:\/\/mltreening.ee\/en\/wp-json\/wp\/v2\/users\/1"}],"replies":[{"embeddable":true,"href":"https:\/\/mltreening.ee\/en\/wp-json\/wp\/v2\/comments?post=1453"}],"version-history":[{"count":38,"href":"https:\/\/mltreening.ee\/en\/wp-json\/wp\/v2\/pages\/1453\/revisions"}],"predecessor-version":[{"id":19309,"href":"https:\/\/mltreening.ee\/en\/wp-json\/wp\/v2\/pages\/1453\/revisions\/19309"}],"wp:attachment":[{"href":"https:\/\/mltreening.ee\/en\/wp-json\/wp\/v2\/media?parent=1453"}],"curies":[{"name":"wp","href":"https:\/\/api.w.org\/{rel}","templated":true}]}}